{"id":20,"date":"2024-05-08T09:47:59","date_gmt":"2024-05-08T09:47:59","guid":{"rendered":"https:\/\/eserccante.com\/?page_id=20"},"modified":"2025-06-25T09:22:47","modified_gmt":"2025-06-25T09:22:47","slug":"contact","status":"publish","type":"page","link":"https:\/\/eserccante.com\/?page_id=20","title":{"rendered":"Kapcsolatfelv\u00e9tel"},"content":{"rendered":"<p>Ez a weboldal a <span style=\"font-weight: 400;\">Eserccante Kft.<\/span>. tulajdona. Mindent megtesz\u00fcnk annak \u00e9rdek\u00e9ben, hogy felhaszn\u00e1l\u00f3inkat relev\u00e1ns \u00e9s hasznos inform\u00e1ci\u00f3kkal l\u00e1ssuk el.<\/p>\n<p>C\u00e9gn\u00e9v: <span style=\"font-weight: 400;\">Eserccante Kft.<\/span>.<br \/>\nHivatalos c\u00edm: <span style=\"font-weight: 400;\">Szolnok, Dr\u00e1va u. 12, 5000 Magyarorsz\u00e1g<\/span><br \/>\nE-mail: <a href=\"mailto:info@eserccante.com\">info@eserccante.com<\/a><br \/>\nTelefon: <a href=\"tel:+3652452041\">+3652452041<\/a><br \/>\n\u00dcgyvezet\u0151 igazgat\u00f3: Fekete Csongor<br \/>\nNyilv\u00e1ntart\u00e1si sz\u00e1m: 32419905908<br \/>\nA nyilv\u00e1ntart\u00f3 hat\u00f3s\u00e1g neve: Bal\u00e1zs \u00c1rp\u00e1d \u00dcgyv\u00e9di iroda<br \/>\nA nyilv\u00e1ntart\u00f3 hat\u00f3s\u00e1g c\u00edme: Szolnok, Mad\u00e1ch u. 10, 5000 Magyarorsz\u00e1g<\/p>\n<p><b>Tartalmi felel\u0151ss\u00e9g:<\/b><br \/>\nNem v\u00e1llalunk felel\u0151ss\u00e9get a weboldalunkon esetlegesen el\u00e9rhet\u0151, harmadik felek honlapjaira mutat\u00f3 linkek tartalm\u00e1\u00e9rt. Az ilyen linkek tartalm\u00e1\u00e9rt a tulajdonosok viselnek minden felel\u0151ss\u00e9get. Nem v\u00e1llalunk felel\u0151ss\u00e9get semmilyen k\u00f6zvetlen vagy k\u00f6zvetett k\u00e1r\u00e9rt, amely a honlapunkon tal\u00e1lhat\u00f3 inform\u00e1ci\u00f3k haszn\u00e1lat\u00e1b\u00f3l ered.<\/p>\n<p><b>Szerz\u0151i jog:<\/b><br \/>\nA honlapunkon tal\u00e1lhat\u00f3 minden anyag, bele\u00e9rtve a sz\u00f6veget, k\u00e9peket, grafik\u00e1kat, designt \u00e9s szoftvereket, szerz\u0151i jogi v\u00e9delem alatt \u00e1ll. Haszn\u00e1lata vagy terjeszt\u00e9se a szerz\u0151i jog tulajdonos\u00e1nak enged\u00e9lye n\u00e9lk\u00fcl tilos.<\/p>\n<p><b>Kapcsolattart\u00e1si inform\u00e1ci\u00f3k:<\/b><br \/>\nHa b\u00e1rmilyen k\u00e9rd\u00e9se vagy \u00e9szrev\u00e9tele van a weboldalunkkal vagy v\u00e1llalatunkkal kapcsolatban, k\u00e9rj\u00fck, l\u00e9pjen kapcsolatba vel\u00fcnk a fent megadott el\u00e9rhet\u0151s\u00e9geken.<\/p>\n<p><b>Adatv\u00e9delmi ir\u00e1nyelvek:<\/b><br \/>\nTiszteletben tartjuk a mag\u00e1n\u00e9let\u00e9t \u00e9s v\u00e9dj\u00fck szem\u00e9lyes adatait. Tov\u00e1bbi inform\u00e1ci\u00f3k\u00e9rt tekintse meg adatv\u00e9delmi szab\u00e1lyzatunkat.<\/p>\n","protected":false},"excerpt":{"rendered":"<p>Ez a weboldal a Eserccante Kft.. tulajdona. Mindent megtesz\u00fcnk annak \u00e9rdek\u00e9ben, hogy felhaszn\u00e1l\u00f3inkat relev\u00e1ns \u00e9s hasznos inform\u00e1ci\u00f3kkal l\u00e1ssuk el. C\u00e9gn\u00e9v: Eserccante Kft.. Hivatalos c\u00edm: Szolnok, Dr\u00e1va u. 12, 5000 Magyarorsz\u00e1g&hellip;<\/p>\n","protected":false},"author":1,"featured_media":0,"parent":0,"menu_order":0,"comment_status":"closed","ping_status":"closed","template":"","meta":{"footnotes":""},"class_list":["post-20","page","type-page","status-publish","hentry"],"_links":{"self":[{"href":"https:\/\/eserccante.com\/index.php?rest_route=\/wp\/v2\/pages\/20","targetHints":{"allow":["GET"]}}],"collection":[{"href":"https:\/\/eserccante.com\/index.php?rest_route=\/wp\/v2\/pages"}],"about":[{"href":"https:\/\/eserccante.com\/index.php?rest_route=\/wp\/v2\/types\/page"}],"author":[{"embeddable":true,"href":"https:\/\/eserccante.com\/index.php?rest_route=\/wp\/v2\/users\/1"}],"replies":[{"embeddable":true,"href":"https:\/\/eserccante.com\/index.php?rest_route=%2Fwp%2Fv2%2Fcomments&post=20"}],"version-history":[{"count":6,"href":"https:\/\/eserccante.com\/index.php?rest_route=\/wp\/v2\/pages\/20\/revisions"}],"predecessor-version":[{"id":565,"href":"https:\/\/eserccante.com\/index.php?rest_route=\/wp\/v2\/pages\/20\/revisions\/565"}],"wp:attachment":[{"href":"https:\/\/eserccante.com\/index.php?rest_route=%2Fwp%2Fv2%2Fmedia&parent=20"}],"curies":[{"name":"wp","href":"https:\/\/api.w.org\/{rel}","templated":true}]}}